{"id":742,"date":"2018-08-29T20:04:07","date_gmt":"2018-08-29T23:04:07","guid":{"rendered":"https:\/\/isfd99-bue.infd.edu.ar\/sitio\/profesorado-de-educacion-secundaria-en-matematica\/"},"modified":"2025-03-13T10:49:55","modified_gmt":"2025-03-13T13:49:55","slug":"profesorado-de-educacion-secundaria-en-matematica","status":"publish","type":"page","link":"https:\/\/isfd99-bue.infd.edu.ar\/sitio\/profesorado-de-educacion-secundaria-en-matematica\/","title":{"rendered":"Profesorado de Educaci\u00f3n Secundaria en Matem\u00e1tica"},"content":{"rendered":"\n<div class=\"wp-block-columns has-cyan-bluish-gray-background-color has-background is-layout-flex wp-container-2\">\n<div class=\"wp-block-column is-layout-flow\" style=\"flex-basis:100%\">\n<h6>El Profesorado de Educaci\u00f3n Secundaria en Matem\u00e1tica, es una carrera de 4 a\u00f1os de duraci\u00f3n y forma docentes para el nivel Secundario y Superior.<\/h6>\n<h6>En todos los casos, se propone la formaci\u00f3n de un docente:<\/h6>\n<ul>\n<li>\n<h6>Con una fuerte formaci\u00f3n did\u00e1ctica tanto general como espec\u00edfica, que le permita apropiarse de los conocimientos a ense\u00f1ar y disponer de variadas estrategias para organizar situaciones de aprendizaje en diferentes contextos y realidades.<\/h6>\n<\/li>\n<li>\n<h6>Con criterios de flexibilidad y apertura para la construcci\u00f3n de alternativas de ense\u00f1anza innovadoras acordes a las nuevas demandas y formatos educativos.<\/h6>\n<\/li>\n<li>\n<h6>Capaz de actuar con autonom\u00eda en su pr\u00e1ctica, frente a las m\u00faltiples situaciones que se presentan en la gesti\u00f3n del aula, y contemplando las dimensiones de la realidad educativa<\/h6>\n<\/li>\n<li>\n<h6>\u00c9tica, social y pol\u00edticamente responsable en el ejercicio de su profesi\u00f3n; comprometido con la justicia social, la construcci\u00f3n de la ciudadan\u00eda; y la consolidaci\u00f3n de valores solidarios y democr\u00e1ticos.<\/h6>\n<\/li>\n<li>\n<h6>Capaz de integrar equipos diversos y promover el trabajo colaborativo, con sus pares y con todos los actores de la comunidad educativa<\/h6>\n<\/li>\n<li>\n<h6>Que pueda valorar los procesos identitarios de los otros, particularmente de los estudiantes, sujetos de derechos, en el contexto de sus propias culturas; y a partir de all\u00ed concebir y desarrollar dispositivos pedag\u00f3gicos para la diversidad<\/h6>\n<\/li>\n<li>\n<h6>Capaz de generar espacios para el desarrollo de procesos de comunicaci\u00f3n oral y escrita; digital y anal\u00f3gica para constituirse en un transmisor y transformador de la cultura y particularmente de su disciplina espec\u00edfica<\/h6>\n<\/li>\n<li>\n<h6>Reflexivo y comprometido con la producci\u00f3n de conocimiento cient\u00edfico escolar con base investigativa, que le permita a su vez, revisar y autoevaluar sus propias practicas \u2013 Que cultive una actitud de crecimiento y desarrollo profesional, que le permita fortalecer permanentemente su proceso formativo continuo, con el fin de actualizar sus pr\u00e1cticas de ense\u00f1anza y ampliar su propio horizonte cultural<\/h6>\n<\/li>\n<li>\n<h6>Que pueda comprender a la evaluaci\u00f3n como un proceso de valoraci\u00f3n inherente a las situaciones pedag\u00f3gicas que permite, a su vez, acompa\u00f1ar el avance en el aprendizaje de los alumnos identificando los factores que lo potencian y las dificultades para lograrlos<\/h6>\n<\/li>\n<li>\n<h6>Dispuesto y preparado para seleccionar y utilizar nuevas tecnolog\u00edas de manera contextualizada, y como un recurso<\/h6>\n<h6>pedag\u00f3gico \u2013 did\u00e1ctico.<\/h6>\n<\/li>\n<\/ul>\n<figure id=\"attachment_839\" aria-describedby=\"caption-attachment-839\" style=\"width: 990px\" class=\"wp-caption alignnone\"><img decoding=\"async\" loading=\"lazy\" class=\"size-medium wp-image-839\" src=\"https:\/\/isfd99-bue.infd.edu.ar\/sitio\/wp-content\/uploads\/2022\/09\/13-1000x586.png\" alt=\"\" width=\"1000\" height=\"586\" srcset=\"https:\/\/isfd99-bue.infd.edu.ar\/sitio\/wp-content\/uploads\/2022\/09\/13-1000x586.png 1000w, https:\/\/isfd99-bue.infd.edu.ar\/sitio\/wp-content\/uploads\/2022\/09\/13-768x450.png 768w, https:\/\/isfd99-bue.infd.edu.ar\/sitio\/wp-content\/uploads\/2022\/09\/13.png 1024w\" sizes=\"(max-width: 1000px) 100vw, 1000px\" \/><figcaption id=\"caption-attachment-839\" class=\"wp-caption-text\">Plan de estudio<\/figcaption><\/figure>\n<\/div>\n<\/div>\n\n\n\n<div class=\"wp-block-file\"><object class=\"wp-block-file__embed\" data=\"https:\/\/isfd99-bue.infd.edu.ar\/sitio\/wp-content\/uploads\/2025\/03\/Diseno-Curricular-Profesorado-de-Matematica.pdf\" type=\"application\/pdf\" style=\"width:100%;height:600px\" aria-label=\"Incrustado de Diseno-Curricular-Profesorado-de-Matematica.\"><\/object><a id=\"wp-block-file--media-b92e5137-8984-47d0-baeb-ac74ab2e419f\" href=\"https:\/\/isfd99-bue.infd.edu.ar\/sitio\/wp-content\/uploads\/2025\/03\/Diseno-Curricular-Profesorado-de-Matematica.pdf\">Diseno-Curricular-Profesorado-de-Matematica<\/a><a href=\"https:\/\/isfd99-bue.infd.edu.ar\/sitio\/wp-content\/uploads\/2025\/03\/Diseno-Curricular-Profesorado-de-Matematica.pdf\" class=\"wp-block-file__button wp-element-button\" download aria-describedby=\"wp-block-file--media-b92e5137-8984-47d0-baeb-ac74ab2e419f\">Descarga<\/a><\/div>\n\n\n\n<div class=\"wp-block-file\"><object class=\"wp-block-file__embed\" data=\"https:\/\/isfd99-bue.infd.edu.ar\/sitio\/wp-content\/uploads\/2025\/03\/CORRELATIVIDADES-MATEMATICA.pdf\" type=\"application\/pdf\" style=\"width:100%;height:600px\" aria-label=\"Incrustado de CORRELATIVIDADES-MATEMATICA.\"><\/object><a id=\"wp-block-file--media-33cce090-1727-49f9-a9e0-5b286ea73558\" href=\"https:\/\/isfd99-bue.infd.edu.ar\/sitio\/wp-content\/uploads\/2025\/03\/CORRELATIVIDADES-MATEMATICA.pdf\">CORRELATIVIDADES-MATEMATICA<\/a><a href=\"https:\/\/isfd99-bue.infd.edu.ar\/sitio\/wp-content\/uploads\/2025\/03\/CORRELATIVIDADES-MATEMATICA.pdf\" class=\"wp-block-file__button wp-element-button\" download aria-describedby=\"wp-block-file--media-33cce090-1727-49f9-a9e0-5b286ea73558\">Descarga<\/a><\/div>\n","protected":false},"excerpt":{"rendered":"<p>El Profesorado de Educaci\u00f3n Secundaria en Matem\u00e1tica, es una carrera de 4 a\u00f1os de duraci\u00f3n y forma docentes para el nivel Secundario y Superior. En todos los casos, se propone la formaci\u00f3n de un docente: Con una fuerte formaci\u00f3n did\u00e1ctica tanto general como espec\u00edfica, que le permita apropiarse de los conocimientos a ense\u00f1ar y disponer &#8230; <a title=\"Profesorado de Educaci\u00f3n Secundaria en Matem\u00e1tica\" class=\"read-more\" href=\"https:\/\/isfd99-bue.infd.edu.ar\/sitio\/profesorado-de-educacion-secundaria-en-matematica\/\" aria-label=\"More on Profesorado de Educaci\u00f3n Secundaria en Matem\u00e1tica\">[+]<\/a><\/p>\n","protected":false},"author":166,"featured_media":0,"parent":0,"menu_order":0,"comment_status":"closed","ping_status":"closed","template":"","meta":[],"acf":[],"_links":{"self":[{"href":"https:\/\/isfd99-bue.infd.edu.ar\/sitio\/wp-json\/wp\/v2\/pages\/742"}],"collection":[{"href":"https:\/\/isfd99-bue.infd.edu.ar\/sitio\/wp-json\/wp\/v2\/pages"}],"about":[{"href":"https:\/\/isfd99-bue.infd.edu.ar\/sitio\/wp-json\/wp\/v2\/types\/page"}],"author":[{"embeddable":true,"href":"https:\/\/isfd99-bue.infd.edu.ar\/sitio\/wp-json\/wp\/v2\/users\/166"}],"replies":[{"embeddable":true,"href":"https:\/\/isfd99-bue.infd.edu.ar\/sitio\/wp-json\/wp\/v2\/comments?post=742"}],"version-history":[{"count":5,"href":"https:\/\/isfd99-bue.infd.edu.ar\/sitio\/wp-json\/wp\/v2\/pages\/742\/revisions"}],"predecessor-version":[{"id":1009,"href":"https:\/\/isfd99-bue.infd.edu.ar\/sitio\/wp-json\/wp\/v2\/pages\/742\/revisions\/1009"}],"wp:attachment":[{"href":"https:\/\/isfd99-bue.infd.edu.ar\/sitio\/wp-json\/wp\/v2\/media?parent=742"}],"curies":[{"name":"wp","href":"https:\/\/api.w.org\/{rel}","templated":true}]}}